{"id":48,"date":"2019-06-25T20:35:05","date_gmt":"2019-06-25T18:35:05","guid":{"rendered":"http:\/\/goschool.fr\/?page_id=48"},"modified":"2020-09-08T17:01:28","modified_gmt":"2020-09-08T15:01:28","slug":"contact","status":"publish","type":"page","link":"http:\/\/goschool.fr\/index.php\/contact\/","title":{"rendered":"Contact"},"content":{"rendered":"\n<p><img loading=\"lazy\" width=\"700\" height=\"559\" class=\"wp-image-144\" style=\"width: 20px;\" src=\"http:\/\/goschool.fr\/wp-content\/uploads\/2020\/01\/mail.png\" alt=\"\" srcset=\"http:\/\/goschool.fr\/wp-content\/uploads\/2020\/01\/mail.png 700w, http:\/\/goschool.fr\/wp-content\/uploads\/2020\/01\/mail-300x240.png 300w\" sizes=\"(max-width: 700px) 100vw, 700px\" \/> <a href=\"mailto:parisgoschool@gmail.com\">parisgoschool@gmail.com<\/a><\/p>\n\n\n\n<p><img loading=\"lazy\" width=\"700\" height=\"583\" class=\"wp-image-146\" style=\"width: 20px;\" src=\"http:\/\/goschool.fr\/wp-content\/uploads\/2020\/01\/phone.png\" alt=\"\" srcset=\"http:\/\/goschool.fr\/wp-content\/uploads\/2020\/01\/phone.png 700w, http:\/\/goschool.fr\/wp-content\/uploads\/2020\/01\/phone-300x250.png 300w\" sizes=\"(max-width: 700px) 100vw, 700px\" \/>+33 (0)6 81 58 73 61<\/p>\n\n\n\n<p>Retrouvez-nous sur <a rel=\"noreferrer noopener\" href=\"https:\/\/www.facebook.com\/GoSchoolParis\/\" target=\"_blank\">Facebook<\/a>  et<a href=\"https:\/\/www.instagram.com\/goschoolparis\/\" target=\"_blank\" rel=\"noreferrer noopener\"> Instagram<\/a> !<\/p>\n\n\n\n<p><img loading=\"lazy\" width=\"700\" height=\"616\" class=\"wp-image-147\" style=\"width: 15px;\" src=\"http:\/\/goschool.fr\/wp-content\/uploads\/2020\/01\/noun_Pin_2558382.png\" alt=\"\" srcset=\"http:\/\/goschool.fr\/wp-content\/uploads\/2020\/01\/noun_Pin_2558382.png 700w, http:\/\/goschool.fr\/wp-content\/uploads\/2020\/01\/noun_Pin_2558382-300x264.png 300w\" sizes=\"(max-width: 700px) 100vw, 700px\" \/>Les cours et les stages se d\u00e9roulent \u00e0 la <a href=\"http:\/\/www.pippa.fr\/\">Librairie &#8211; Galerie Pippa<\/a><br><strong>6, rue le Goff <br>75005 Paris (V\u1d49)<\/strong><\/p>\n\n\n\n<iframe loading=\"lazy\" src=\"https:\/\/www.google.com\/maps\/embed?pb=!1m18!1m12!1m3!1d2625.6023204828516!2d2.3393154150576745!3d48.846723779286435!2m3!1f0!2f0!3f0!3m2!1i1024!2i768!4f13.1!3m3!1m2!1s0x47e671e6ffffffff%3A0xcbd6c4f1caf084e9!2sPippa!5e0!3m2!1sfr!2sfr!4v1584349841818!5m2!1sfr!2sfr\" width=\"600\" height=\"450\" frameborder=\"0\" style=\"border:0;\" allowfullscreen=\"\" aria-hidden=\"false\" tabindex=\"0\"><\/iframe>\n\n\n\n<p><strong>Acc\u00e8s<\/strong><br>Rer B &#8211; Luxembourg<br>M10 Cluny &#8211; La Sorbonne<br>M10 et M4 Od\u00e9on<br>Bus 21, 27, 38, 75, 84, 89 &#8211; Stations Gay-Lussac, Luxembourg et Panth\u00e9on<\/p>\n","protected":false},"excerpt":{"rendered":"<p>parisgoschool@gmail.com +33 (0)6 81 58 73 61 Retrouvez-nous sur Facebook et Instagram ! Les cours et les stages se d\u00e9roulent \u00e0 la Librairie &#8211; Galerie Pippa6, rue le Goff 75005 Paris (V\u1d49) Acc\u00e8sRer B &#8211; LuxembourgM10 Cluny &#8211; La SorbonneM10 et M4 Od\u00e9onBus 21, 27, 38, 75, 84, 89 &#8211; Stations Gay-Lussac, Luxembourg et Panth\u00e9on<\/p>\n","protected":false},"author":1,"featured_media":0,"parent":0,"menu_order":0,"comment_status":"closed","ping_status":"closed","template":"","meta":[],"_links":{"self":[{"href":"http:\/\/goschool.fr\/index.php\/wp-json\/wp\/v2\/pages\/48"}],"collection":[{"href":"http:\/\/goschool.fr\/index.php\/wp-json\/wp\/v2\/pages"}],"about":[{"href":"http:\/\/goschool.fr\/index.php\/wp-json\/wp\/v2\/types\/page"}],"author":[{"embeddable":true,"href":"http:\/\/goschool.fr\/index.php\/wp-json\/wp\/v2\/users\/1"}],"replies":[{"embeddable":true,"href":"http:\/\/goschool.fr\/index.php\/wp-json\/wp\/v2\/comments?post=48"}],"version-history":[{"count":9,"href":"http:\/\/goschool.fr\/index.php\/wp-json\/wp\/v2\/pages\/48\/revisions"}],"predecessor-version":[{"id":481,"href":"http:\/\/goschool.fr\/index.php\/wp-json\/wp\/v2\/pages\/48\/revisions\/481"}],"wp:attachment":[{"href":"http:\/\/goschool.fr\/index.php\/wp-json\/wp\/v2\/media?parent=48"}],"curies":[{"name":"wp","href":"https:\/\/api.w.org\/{rel}","templated":true}]}}